{"id":978,"date":"2022-01-12T10:35:44","date_gmt":"2022-01-12T10:35:44","guid":{"rendered":"https:\/\/ajv.wine\/?page_id=978"},"modified":"2025-10-09T15:23:58","modified_gmt":"2025-10-09T13:23:58","slug":"politica-de-cookies","status":"publish","type":"page","link":"https:\/\/ajv.wine\/es\/politica-de-cookies\/","title":{"rendered":"Pol\u00edtica de cookies"},"content":{"rendered":"<p>Nuestro sitio web utiliza una tecnolog\u00eda llamada \u00abcookie\u00bb, con el fin de poder obtener informaci\u00f3n sobre el uso del sitio web, mejorar la experiencia del usuario y garantizar su correcto funcionamiento.<\/p>\n<h2>Definici\u00f3n de Cookie<\/h2>\n<p>Una \u201ccookie\u201d es un peque\u00f1o fragmento de texto que los sitios web env\u00edan al navegador y que se almacenan en el terminal del usuario, (ordenador o dispositivo m\u00f3vil). Estos archivos tienen la finalidad de almacenar datos que podr\u00e1n ser actualizados y recuperados por la entidad responsable de su instalaci\u00f3n. As\u00ed, cada vez que el usuario vuelve a visitar el mismo sitio web, el explorador recupera el archivo y lo env\u00eda al servidor del sitio web. Las cookies tienen diversas funciones entre las que se incluyen, la de recoger informaci\u00f3n sobre las preferencias del usuario y recordarla, y en general, facilitar el uso del sitio web al usuario haciendo que el sitio sea m\u00e1s \u00fatil al personalizar su contenido.   <\/p>\n<p>Las cookies se pueden clasificar en funci\u00f3n de diferentes par\u00e1metros:<\/p>\n<p><strong>1.- Titularidad: <u>cookies propias y cookies de terceros<\/u><\/strong>: dependiendo de cu\u00e1l sea la entidad que gestione el dominio desde donde se env\u00edan las cookies y se traten los datos que se obtengan.<\/p>\n<p><strong>2.- Duraci\u00f3n:<\/strong> <u>cookies de sessi\u00f3n y cookies persistentes:<\/u> de acuerdo con el plazo de tiempo que permanecen almacenadas en el terminal del usuario.<\/p>\n<p><strong>3.- Finalidad:<\/strong> <u>cookies t\u00e9cnicas, cookies de personalizaci\u00f3n, cookies de an\u00e1lisis, cookies publicitarias, cookies de publicidad comportamental<\/u>: de acuerdo con la finalidad para la que se traten los datos obtenidos.<\/p>\n<ul>\n<li><u>Cookies t\u00e9cnicas:<\/u> Son aqu\u00e9llas que permiten al usuario la navegaci\u00f3n a trav\u00e9s de la p\u00e1gina web o aplicaci\u00f3n y la utilizaci\u00f3n de las diferentes opciones o servicios que en ella existen. Por ejemplo, controlar el tr\u00e1fico y la comunicaci\u00f3n de datos, identificar la sesi\u00f3n o acceder a las partes web de acceso restringido. <\/li>\n<li><u>Cookies de personalizaci\u00f3n:<\/u> Son aqu\u00e9llas que permiten al usuario acceder al servicio con algunas caracter\u00edsticas de car\u00e1cter general predefinidas en su terminal o que el propio usuario defina. Por ejemplo, el idioma, el tipo de navegador a trav\u00e9s del cual accede al servicio o dise\u00f1o de contenidos seleccionado. <\/li>\n<li><u>Cookies de an\u00e1lisis:<\/u> Son aquellas que o bien tratadas por nosotros o por terceros, nos permiten cuantificar el n\u00famero de usuarios y as\u00ed realizar el an\u00e1lisis estad\u00edstico de la utilizaci\u00f3n que realizan los usuarios del servicio ofrecido. Por eso se analiza su navegaci\u00f3n en nuestra p\u00e1gina web para mejorar la oferta de productos o servicios que le ofrecemos. <\/li>\n<li><u>Cookies publicitarias<\/u>: Son aquellas que permiten la gesti\u00f3n, de la forma m\u00e1s eficaz posible, de los espacios publicitarios que, en su caso, el editor haya incluido en una p\u00e1gina web, aplicaci\u00f3n o plataforma desde la que presta el servicio solicitado en base a criterios como el contenido editado o la frecuencia en la que se muestran los anuncios.<\/li>\n<li><u>Cookies de publicidad comportamental<\/u>: Son aquellas que permiten la gesti\u00f3n, de la forma m\u00e1s eficaz posible, de los espacios publicitarios que, en su caso, el editor haya incluido en una p\u00e1gina web, aplicaci\u00f3n o plataforma desde la que presta el servicio solicitado. Estas cookies almacenan informaci\u00f3n del comportamiento de los usuarios obtenida a trav\u00e9s de la observaci\u00f3n continua de sus h\u00e1bitos de navegaci\u00f3n, lo que permite desarrollar un perfil espec\u00edfico para mostrar publicidad en funci\u00f3n del mismo. <strong style=\"font-size: revert;\"> <\/strong><\/li>\n<\/ul>\n<h2>Cookies utilizadas en nuestra web<\/h2>\n<p>Nuestro sitio web utiliza tanto cookies propias, que son las enviadas a su ordenador y gestionadas exclusivamente por nosotros para el mejor funcionamiento del sitio web, como cookies de terceros, con la funci\u00f3n de servir para la interacci\u00f3n de los usuarios con nosotros.<\/p>\n<p>Nuestro sitio web utiliza tanto cookies temporales de sesi\u00f3n como cookies persistentes. Las cookies de sesi\u00f3n almacenan datos \u00fanicamente mientras el usuario accede a la web y las cookies persistentes almacenan los datos en el terminal para que sean accedidas y utilizadas en m\u00e1s de una sesi\u00f3n. <\/p>\n<p>Concretamente, las cookies que precisan de consentimiento utilizadas en nuestro sitio web son:<\/p>\n<p><strong> <\/strong><\/p>\n<table width=\"114%\">\n<tbody>\n<tr>\n<td width=\"21%\">\n  <strong>Nombre<\/strong>\n<\/td>\n<td width=\"13%\">\n  <strong>Titular<\/strong>\n<\/td>\n<td width=\"36%\">\n  <strong>Finalidad<\/strong>\n<\/td>\n<td width=\"28%\">\n  <strong>Duraci\u00f3n<\/strong>\n<\/td>\n<\/tr>\n<tr>\n<td width=\"21%\">_ga_gid<\/p>\n<p>_gat_gtag<\/td>\n<td width=\"13%\">ajv.wine<\/td>\n<td width=\"36%\">https:\/\/developers.google.com\/analytics\/devguides\/collection\/analyticsjs\/cookie-usage?hl=eshttps:\/\/developers.google.com\/analytics\/devguides\/collection\/analyticsjs\/cookie-usage?hl=es28%28%_ga: 2 anys_gid: 24 hores<\/p>\n<p>_gat_gtag: 2 minuts_ga: 2 anys_gid: 24 horas<\/p>\n<p>_gat_gtag: 2 minutos21%21%<\/p>\n<td width=\"21%\">mailchimp_landing_site<\/td>\n<td width=\"13%\">ajv.wine<\/td>\n<td width=\"36%\">Cookie necess\u00e0ria per a la integraci\u00f3 amb el sistema de gesti\u00f3 de subscripci\u00f3 de la newsletter (Mailchimp), que tamb\u00e9 t\u00e9 funci\u00f3 anal\u00edtica at\u00e8s que indica la primera p\u00e0gina visitada per l&#8217;usuari.<\/td>\n<td width=\"28%\">1 mes<\/td>\n<td width=\"21%\">mailchimp_landing_site<\/td>\n<td width=\"13%\">ajv.wine<\/td>\n<td width=\"36%\">Cookie necesaria para la integraci\u00f3n con el sistema de gesti\u00f3n de suscripci\u00f3n de la newsletter (Mailchimp), que tambi\u00e9n tiene funci\u00f3n anal\u00edtica dado que indica la primera p\u00e1gina visitada por el usuario.<\/td>\n<td width=\"28%\">1 mes<\/td>\n<p>13%13%36%36%28%28%21%21%<\/p>\n<td width=\"21%\">VISITOR_INFO1_LIVEYSC<\/td>\n<td width=\"13%\"><a href=\"https:\/\/www.google.es\/intl\/es\/policies\/technologies\/types\/\">Google Inc.<\/a>(Youtube)<\/td>\n<td width=\"36%\">Emmagatzemar prefer\u00e8ncies de l\u2019usuari, identificar-lo durant la visualitzaci\u00f3 dels v\u00eddeos de youtube, i personalitzar anuncis.<\/td>\n<td width=\"28%\">VISITOR_INFO1_LIVE:6 mesosYSC: sessi\u00f3<\/td>\n<td width=\"21%\">VISITOR_INFO1_LIVEYSC<\/td>\n<td width=\"13%\"><a href=\"https:\/\/www.google.es\/intl\/es\/policies\/technologies\/types\/\">Google Inc.<\/a>(Youtube)<\/td>\n<td width=\"36%\">Almacenar preferencias del usuario, identificarlo durante la visualizaci\u00f3n de los v\u00eddeos de youtube, y personalizar anuncios.<\/td>\n<td width=\"28%\">VISITOR_INFO1_LIVE:6 mesesYSC: sessi\u00f3n<\/td>\n<p>https:\/\/www.google.es\/intl\/es\/policies\/technologies\/types\/https:\/\/www.google.es\/intl\/es\/policies\/technologies\/types\/13%13%36%36%28%28%Per obtenir m\u00e9s informaci\u00f3 sobre les cookies d&#8217;aquest tercer pot clicar sobre l&#8217;enlla\u00e7 que hi ha al seu nom.Para obtener m\u00e1s informaci\u00f3n sobre las cookies de este tercero puede pulsar sobre el enlace que hay a su nombre.Finalment, tamb\u00e9 s&#8217;utilitzen cookies de complement (plug-in) per intercanviar continguts socials.Por \u00faltimo, tambi\u00e9n se utilizan cookies de complemento (plug-in) para intercambiar contenidos sociales.ConsentimentConsentimientoEl consentiment per a l&#8217;\u00fas de les cookies abans enunciades, pels terminis assenyalats i en les condicions contingudes en la present Pol\u00edtica de Cookies, s\u2019obtindr\u00e0 amb l\u2019acceptaci\u00f3 de l\u2019av\u00eds inicial d\u2019informaci\u00f3 sobre les cookies que es visualitza en el moment en que carrega la nostra web.El consentimiento para el uso de las cookies antes enunciadas, por los plazos se\u00f1alados y las condiciones contenidas en la presente Pol\u00edtica de Cookies, se obtendr\u00e1 con la aceptaci\u00f3n del aviso inicial de informaci\u00f3n sobre las cookies que se visualiza en el momento en que carga nuestra web.Retirada del consentimentRetirada del consentimientoL&#8217;usuari podr\u00e0 retirar en qualsevol moment el seu consentiment relacionat amb aquesta Pol\u00edtica de Cookies, per aix\u00f2 haur\u00e0 d&#8217;eliminar les cookies emmagatzemades en el seu equip utilitzant els ajustaments i configuracions del seu navegador d&#8217;Internet.El usuario podr\u00e1 retirar en cualquier momento su consentimiento relacionado con esta Pol\u00edtica de Cookies, por lo que deber\u00e1 eliminar las cookies almacenadas en su equipo utilizando los ajustes y configuraciones de su navegador de Internet.Com desactivar les cookies en els principals navegadors?\u00bfC\u00f3mo deshabilitar las cookies en los principales navegadores?Tot i que pot variar lleugerament d&#8217;una versi\u00f3 de navegador a una altra, la configuraci\u00f3 de la pol\u00edtica de cookies per als navegadors m\u00e9s utilitzats \u00e9s la seg\u00fcent:Aunque puede variar ligeramente de una versi\u00f3n de navegador a otra, la configuraci\u00f3n de la pol\u00edtica de cookies para los navegadores m\u00e1s utilizados es la siguiente:<strong>Internet Explorer:<\/strong>Eines -&gt; Opcions d&#8217;Internet -&gt; Privacitat -&gt; Configuraci\u00f3.<strong>Internet Explorer:<\/strong>Herramientas -&gt; Opciones de Internet -&gt; Privacidad -&gt; Configuraci\u00f3n.<strong>Firefox:<\/strong>Eines -&gt; Opcions -&gt; Privacitat -&gt; Hist\u00f2ric -&gt; Configuraci\u00f3 Personalitzada.<strong>Firefox:<\/strong>Herramientas -&gt; Opciones -&gt; Privacidad -&gt; Hist\u00f3rico -&gt; Configuraci\u00f3n Personalizada.<strong>Chrome:<\/strong>Configuraci\u00f3 -&gt; Mostra opcions avan\u00e7ades -&gt; Privacitat -&gt; Configuraci\u00f3 de contingut.<strong>Chrome:<\/strong>Configuraci\u00f3n -&gt; Muestra opciones avanzadas -&gt; Privacidad -&gt; Configuraci\u00f3n de contenido.<strong>Safari:<\/strong>Prefer\u00e8ncies -&gt; Seguretat.<strong>Safari:<\/strong>Preferencias -&gt; Seguridad.<strong>Opera:<\/strong>Configuraci\u00f3 -&gt; Privacitat i seguretat.<strong>Opera:<\/strong>Configuraci\u00f3n -&gt; Privacidad y seguridad.Per a m\u00e9s informaci\u00f3, pot consultar el suport o l&#8217;ajuda del seu navegador o a trav\u00e9s dels seg\u00fcents enlla\u00e7os: <a href=\"https:\/\/support.apple.com\/kb\/ph17191?locale=es_ES\"><br \/>\n  <strong>Safari<\/strong><br \/>\n<\/a><strong>, <\/strong><a href=\"https:\/\/support.google.com\/chrome\/answer\/95647?hl=es\"><br \/>\n  <strong>Chrome<\/strong><br \/>\n<\/a><strong>, <\/strong><a href=\"https:\/\/support.mozilla.org\/es\/kb\/habilitar-y-deshabilitar-cookies-sitios-web-rastrear-preferencias?redirectlocale=esredirectslug=habilitar-y-deshabilitar-cookies-que-los-sitios-we\"><br \/>\n  <strong>Firefox<\/strong><br \/>\n<\/a><strong>, <\/strong><a href=\"https:\/\/support.microsoft.com\/es-es\/help\/17442\/windows-internet-explorer-delete-manage-cookies\"><br \/>\n  <strong>Explorer<\/strong><br \/>\n<\/a><strong>, <\/strong><a href=\"http:\/\/help.opera.com\/Windows\/11.50\/es-ES\/cookies.html\"><br \/>\n  <strong>Opera<\/strong><br \/>\n<\/a><strong>.<\/strong>Para m\u00e1s informaci\u00f3n, puede consultar el soporte o la ayuda de su navegador oa trav\u00e9s de los siguientes enlaces: <a href=\"https:\/\/support.apple.com\/kb\/ph17191?locale=es_ES\"><br \/>\n  <strong>Safari<\/strong><br \/>\n<\/a><strong>, <\/strong><a href=\"https:\/\/support.google.com\/chrome\/answer\/95647?hl=es\"><br \/>\n  <strong>Chrome<\/strong><br \/>\n<\/a><strong>, <\/strong><a href=\"https:\/\/support.mozilla.org\/es\/kb\/habilitar-y-deshabilitar-cookies-sitios-web-rastrear-preferencias?redirectlocale=esredirectslug=habilitar-y-deshabilitar-cookies-que-los-sitios-we\"><br \/>\n  <strong>Firefox<\/strong><br \/>\n<\/a><strong>, <\/strong><a href=\"https:\/\/support.microsoft.com\/es-es\/help\/17442\/windows-internet-explorer-delete-manage-cookies\"><br \/>\n  <strong>Explorer<\/strong><br \/>\n<\/a><strong>, <\/strong><a href=\"http:\/\/help.opera.com\/Windows\/11.50\/es-ES\/cookies.html\"><br \/>\n  <strong>Opera<\/strong><br \/>\n<\/a><strong>.<\/strong>https:\/\/support.apple.com\/kb\/ph17191?locale=es_EShttps:\/\/support.apple.com\/kb\/ph17191?locale=es_EShttps:\/\/support.google.com\/chrome\/answer\/95647?hl=eshttps:\/\/support.google.com\/chrome\/answer\/95647?hl=eshttps:\/\/support.mozilla.org\/es\/kb\/habilitar-y-deshabilitar-cookies-sitios-web-rastrear-preferencias?redirectlocale=esredirectslug=habilitar-y-deshabilitar-cookies-que-los-sitios-wehttps:\/\/support.mozilla.org\/es\/kb\/habilitar-y-deshabilitar-cookies-sitios-web-rastrear-preferencias?redirectlocale=esredirectslug=habilitar-y-deshabilitar-cookies-que-los-sitios-wehttps:\/\/support.microsoft.com\/es-es\/help\/17442\/windows-internet-explorer-delete-manage-cookieshttps:\/\/support.microsoft.com\/es-es\/help\/17442\/windows-internet-explorer-delete-manage-cookieshttp:\/\/help.opera.com\/Windows\/11.50\/es-ES\/cookies.htmlhttp:\/\/help.opera.com\/Windows\/11.50\/es-ES\/cookies.htmlA m\u00e9s, tamb\u00e9 pot gestionar el magatzem de cookies al seu navegador a trav\u00e9s d&#8217;eines com les seg\u00fcents:Adem\u00e1s, tambi\u00e9n puede gestionar el almac\u00e9n de cookies en su navegador a trav\u00e9s de herramientas como las siguientes:<strong>Your <\/strong><a href=\"http:\/\/www.youronlinechoices.com\/es\/\"><br \/>\n  <strong>online<\/strong><br \/>\n<\/a><strong> choices<\/strong><strong>Your <\/strong><a href=\"http:\/\/www.youronlinechoices.com\/es\/\"><br \/>\n  <strong>online<\/strong><br \/>\n<\/a><strong> choices<\/strong>http:\/\/www.youronlinechoices.com\/es\/http:\/\/www.youronlinechoices.com\/es\/http:\/\/www.ghostery.com\/http:\/\/www.ghostery.com\/GhosteryGhosteryActualitzaci\u00f3 de la pol\u00edtica de cookiesActualizaci\u00f3n de la pol\u00edtica de cookiesAquest lloc web pot modificar aquesta Pol\u00edtica sobre Cookies, per aix\u00f2 li recomanem revisar aquesta pol\u00edtica cada vegada que accedeixi al nostre lloc web per tal d&#8217;estar adequadament informat sobre l\u2019\u00fas que fem de les cookies.Este sitio web puede modificar esta Pol\u00edtica sobre Cookies, por eso le recomendamos revisar esta pol\u00edtica cada vez que acceda a nuestro sitio web para estar adecuadamente informado sobre el uso que hacemos de las cookies.<\/td>\n<td width=\"28%\">_ga: 2 anys_gid: 24 horas<\/p>\n<p>_gat_gtag: 2 minutos<\/td>\n<\/tr>\n<tr>\n<td width=\"21%\">mailchimp_landing_site<\/td>\n<td width=\"13%\">ajv.wine<\/td>\n<td width=\"36%\">Cookie necesaria para la integraci\u00f3n con el sistema de gesti\u00f3n de suscripci\u00f3n de la newsletter (Mailchimp), que tambi\u00e9n tiene funci\u00f3n anal\u00edtica dado que indica la primera p\u00e1gina visitada por el usuario.<\/td>\n<td width=\"28%\">1 mes<\/td>\n<\/tr>\n<tr>\n<td width=\"21%\">VISITOR_INFO1_LIVEYSC<\/td>\n<td width=\"13%\"><a href=\"https:\/\/www.google.es\/intl\/es\/policies\/technologies\/types\/\">Google Inc.<\/a>(Youtube)<\/td>\n<td width=\"36%\">Almacenar preferencias del usuario, identificarlo durante la visualizaci\u00f3n de los v\u00eddeos de youtube, y personalizar anuncios.<\/td>\n<td width=\"28%\">VISITOR_INFO1_LIVE:6 mesesYSC: sessi\u00f3n<\/td>\n<\/tr>\n<\/tbody>\n<\/table>\n<p>Para obtener m\u00e1s informaci\u00f3n sobre las cookies de este tercero puede pulsar sobre el enlace que hay a su nombre.<\/p>\n<p>Por \u00faltimo, tambi\u00e9n se utilizan cookies de complemento (plug-in) para intercambiar contenidos sociales.<strong> <\/strong><\/p>\n<h2>Consentimiento<\/h2>\n<p>El consentimiento para el uso de las cookies antes enunciadas, por los plazos se\u00f1alados y las condiciones contenidas en la presente Pol\u00edtica de Cookies, se obtendr\u00e1 con la aceptaci\u00f3n del aviso inicial de informaci\u00f3n sobre las cookies que se visualiza en el momento en que carga nuestra web.<\/p>\n<h2>Retirada del consentimiento<\/h2>\n<p>El usuario podr\u00e1 retirar en cualquier momento su consentimiento relacionado con esta Pol\u00edtica de Cookies, por lo que deber\u00e1 eliminar las cookies almacenadas en su equipo utilizando los ajustes y configuraciones de su navegador de Internet.<\/p>\n<h2>\u00bfC\u00f3mo deshabilitar las cookies en los principales navegadores?<\/h2>\n<p>Aunque puede variar ligeramente de una versi\u00f3n de navegador a otra, la configuraci\u00f3n de la pol\u00edtica de cookies para los navegadores m\u00e1s utilizados es la siguiente:<\/p>\n<ul>\n<li><strong>Internet Explorer:<\/strong>Herramientas -&gt; Opciones de Internet -&gt; Privacidad -&gt; Configuraci\u00f3n.<\/li>\n<li><strong>Firefox:<\/strong>Herramientas -&gt; Opciones -&gt; Privacidad -&gt; Hist\u00f3rico -&gt; Configuraci\u00f3n Personalizada.<\/li>\n<li><strong>Chrome:<\/strong>Configuraci\u00f3n -&gt; Muestra opciones avanzadas -&gt; Privacidad -&gt; Configuraci\u00f3n de contenido.<\/li>\n<li><strong>Safari:<\/strong>Preferencias -&gt; Seguridad.<\/li>\n<li><strong>Opera:<\/strong>Configuraci\u00f3n -&gt; Privacidad y seguridad.<\/li>\n<\/ul>\n<p>Para m\u00e1s informaci\u00f3n, puede consultar el soporte o la ayuda de su navegador oa trav\u00e9s de los siguientes enlaces: <a href=\"https:\/\/support.apple.com\/kb\/ph17191?locale=es_ES\"><br \/>\n  <strong>Safari<\/strong><br \/>\n<\/a><strong>, <\/strong><a href=\"https:\/\/support.google.com\/chrome\/answer\/95647?hl=es\"><br \/>\n  <strong>Chrome<\/strong><br \/>\n<\/a><strong>, <\/strong><a href=\"https:\/\/support.mozilla.org\/es\/kb\/habilitar-y-deshabilitar-cookies-sitios-web-rastrear-preferencias?redirectlocale=esredirectslug=habilitar-y-deshabilitar-cookies-que-los-sitios-we\"><br \/>\n  <strong>Firefox<\/strong><br \/>\n<\/a><strong>, <\/strong><a href=\"https:\/\/support.microsoft.com\/es-es\/help\/17442\/windows-internet-explorer-delete-manage-cookies\"><br \/>\n  <strong>Explorer<\/strong><br \/>\n<\/a><strong>, <\/strong><a href=\"http:\/\/help.opera.com\/Windows\/11.50\/es-ES\/cookies.html\"><br \/>\n  <strong>Opera<\/strong><br \/>\n<\/a><strong>.<\/strong><\/p>\n<p>Adem\u00e1s, tambi\u00e9n puede gestionar el almac\u00e9n de cookies en su navegador a trav\u00e9s de herramientas como las siguientes:<\/p>\n<ul>\n<li><strong>Your <\/strong><a href=\"http:\/\/www.youronlinechoices.com\/es\/\"><br \/>\n  <strong>online<\/strong><br \/>\n<\/a><strong> choices<\/strong><\/li>\n<li><a href=\"http:\/\/www.ghostery.com\/\"><strong>Ghostery<\/strong><\/a><\/li>\n<\/ul>\n<h2>Actualizaci\u00f3n de la pol\u00edtica de cookies<\/h2>\n<p>Este sitio web puede modificar esta Pol\u00edtica sobre Cookies, por eso le recomendamos revisar esta pol\u00edtica cada vez que acceda a nuestro sitio web para estar adecuadamente informado sobre el uso que hacemos de las cookies.<\/p>\n","protected":false},"excerpt":{"rendered":"<p>Nuestro sitio web utiliza una tecnolog\u00eda llamada \u00abcookie\u00bb, con el fin de poder obtener informaci\u00f3n sobre el uso del sitio web, mejorar la experiencia del usuario y garantizar su correcto funcionamiento. Definici\u00f3n de Cookie Una \u201ccookie\u201d es un peque\u00f1o fragmento de texto que los sitios web env\u00edan al navegador y que se almacenan en el [&hellip;]<\/p>\n","protected":false},"author":4,"featured_media":0,"parent":0,"menu_order":36,"comment_status":"closed","ping_status":"closed","template":"","meta":{"_et_pb_use_builder":"","_et_pb_old_content":"","_et_gb_content_width":"","inline_featured_image":false,"footnotes":""},"dipi_cpt_category":[],"class_list":["post-978","page","type-page","status-publish","hentry"],"yoast_head":"<!-- This site is optimized with the Yoast SEO plugin v27.5 - https:\/\/yoast.com\/product\/yoast-seo-wordpress\/ -->\n<title>Pol\u00edtica de cookies | Alicia i Josep Viticultors<\/title>\n<meta name=\"robots\" content=\"index, follow, max-snippet:-1, max-image-preview:large, max-video-preview:-1\" \/>\n<link rel=\"canonical\" href=\"https:\/\/ajv.wine\/es\/politica-de-cookies\/\" \/>\n<meta property=\"og:locale\" content=\"es_ES\" \/>\n<meta property=\"og:type\" content=\"article\" \/>\n<meta property=\"og:title\" content=\"Pol\u00edtica de cookies | Alicia i Josep Viticultors\" \/>\n<meta property=\"og:description\" content=\"Nuestro sitio web utiliza una tecnolog\u00eda llamada \u00abcookie\u00bb, con el fin de poder obtener informaci\u00f3n sobre el uso del sitio web, mejorar la experiencia del usuario y garantizar su correcto funcionamiento. Definici\u00f3n de Cookie Una \u201ccookie\u201d es un peque\u00f1o fragmento de texto que los sitios web env\u00edan al navegador y que se almacenan en el [&hellip;]\" \/>\n<meta property=\"og:url\" content=\"https:\/\/ajv.wine\/es\/politica-de-cookies\/\" \/>\n<meta property=\"og:site_name\" content=\"Alicia i Josep Viticultors\" \/>\n<meta property=\"article:modified_time\" content=\"2025-10-09T13:23:58+00:00\" \/>\n<meta name=\"twitter:card\" content=\"summary_large_image\" \/>\n<meta name=\"twitter:label1\" content=\"Tiempo de lectura\" \/>\n\t<meta name=\"twitter:data1\" content=\"7 minutos\" \/>\n<script type=\"application\/ld+json\" class=\"yoast-schema-graph\">{\"@context\":\"https:\\\/\\\/schema.org\",\"@graph\":[{\"@type\":\"WebPage\",\"@id\":\"https:\\\/\\\/ajv.wine\\\/es\\\/politica-de-cookies\\\/\",\"url\":\"https:\\\/\\\/ajv.wine\\\/es\\\/politica-de-cookies\\\/\",\"name\":\"Pol\u00edtica de cookies | Alicia i Josep Viticultors\",\"isPartOf\":{\"@id\":\"https:\\\/\\\/ajv.wine\\\/#website\"},\"datePublished\":\"2022-01-12T10:35:44+00:00\",\"dateModified\":\"2025-10-09T13:23:58+00:00\",\"breadcrumb\":{\"@id\":\"https:\\\/\\\/ajv.wine\\\/es\\\/politica-de-cookies\\\/#breadcrumb\"},\"inLanguage\":\"es\",\"potentialAction\":[{\"@type\":\"ReadAction\",\"target\":[\"https:\\\/\\\/ajv.wine\\\/es\\\/politica-de-cookies\\\/\"]}]},{\"@type\":\"BreadcrumbList\",\"@id\":\"https:\\\/\\\/ajv.wine\\\/es\\\/politica-de-cookies\\\/#breadcrumb\",\"itemListElement\":[{\"@type\":\"ListItem\",\"position\":1,\"name\":\"Inici\",\"item\":\"https:\\\/\\\/ajv.wine\\\/es\\\/inicio\\\/\"},{\"@type\":\"ListItem\",\"position\":2,\"name\":\"Pol\u00edtica de cookies\"}]},{\"@type\":\"WebSite\",\"@id\":\"https:\\\/\\\/ajv.wine\\\/#website\",\"url\":\"https:\\\/\\\/ajv.wine\\\/\",\"name\":\"Alicia i Josep Viticultors\",\"description\":\"agricultura regenerativa\",\"potentialAction\":[{\"@type\":\"SearchAction\",\"target\":{\"@type\":\"EntryPoint\",\"urlTemplate\":\"https:\\\/\\\/ajv.wine\\\/?s={search_term_string}\"},\"query-input\":{\"@type\":\"PropertyValueSpecification\",\"valueRequired\":true,\"valueName\":\"search_term_string\"}}],\"inLanguage\":\"es\"}]}<\/script>\n<!-- \/ Yoast SEO plugin. -->","yoast_head_json":{"title":"Pol\u00edtica de cookies | Alicia i Josep Viticultors","robots":{"index":"index","follow":"follow","max-snippet":"max-snippet:-1","max-image-preview":"max-image-preview:large","max-video-preview":"max-video-preview:-1"},"canonical":"https:\/\/ajv.wine\/es\/politica-de-cookies\/","og_locale":"es_ES","og_type":"article","og_title":"Pol\u00edtica de cookies | Alicia i Josep Viticultors","og_description":"Nuestro sitio web utiliza una tecnolog\u00eda llamada \u00abcookie\u00bb, con el fin de poder obtener informaci\u00f3n sobre el uso del sitio web, mejorar la experiencia del usuario y garantizar su correcto funcionamiento. Definici\u00f3n de Cookie Una \u201ccookie\u201d es un peque\u00f1o fragmento de texto que los sitios web env\u00edan al navegador y que se almacenan en el [&hellip;]","og_url":"https:\/\/ajv.wine\/es\/politica-de-cookies\/","og_site_name":"Alicia i Josep Viticultors","article_modified_time":"2025-10-09T13:23:58+00:00","twitter_card":"summary_large_image","twitter_misc":{"Tiempo de lectura":"7 minutos"},"schema":{"@context":"https:\/\/schema.org","@graph":[{"@type":"WebPage","@id":"https:\/\/ajv.wine\/es\/politica-de-cookies\/","url":"https:\/\/ajv.wine\/es\/politica-de-cookies\/","name":"Pol\u00edtica de cookies | Alicia i Josep Viticultors","isPartOf":{"@id":"https:\/\/ajv.wine\/#website"},"datePublished":"2022-01-12T10:35:44+00:00","dateModified":"2025-10-09T13:23:58+00:00","breadcrumb":{"@id":"https:\/\/ajv.wine\/es\/politica-de-cookies\/#breadcrumb"},"inLanguage":"es","potentialAction":[{"@type":"ReadAction","target":["https:\/\/ajv.wine\/es\/politica-de-cookies\/"]}]},{"@type":"BreadcrumbList","@id":"https:\/\/ajv.wine\/es\/politica-de-cookies\/#breadcrumb","itemListElement":[{"@type":"ListItem","position":1,"name":"Inici","item":"https:\/\/ajv.wine\/es\/inicio\/"},{"@type":"ListItem","position":2,"name":"Pol\u00edtica de cookies"}]},{"@type":"WebSite","@id":"https:\/\/ajv.wine\/#website","url":"https:\/\/ajv.wine\/","name":"Alicia i Josep Viticultors","description":"agricultura regenerativa","potentialAction":[{"@type":"SearchAction","target":{"@type":"EntryPoint","urlTemplate":"https:\/\/ajv.wine\/?s={search_term_string}"},"query-input":{"@type":"PropertyValueSpecification","valueRequired":true,"valueName":"search_term_string"}}],"inLanguage":"es"}]}},"_links":{"self":[{"href":"https:\/\/ajv.wine\/es\/wp-json\/wp\/v2\/pages\/978","targetHints":{"allow":["GET"]}}],"collection":[{"href":"https:\/\/ajv.wine\/es\/wp-json\/wp\/v2\/pages"}],"about":[{"href":"https:\/\/ajv.wine\/es\/wp-json\/wp\/v2\/types\/page"}],"author":[{"embeddable":true,"href":"https:\/\/ajv.wine\/es\/wp-json\/wp\/v2\/users\/4"}],"replies":[{"embeddable":true,"href":"https:\/\/ajv.wine\/es\/wp-json\/wp\/v2\/comments?post=978"}],"version-history":[{"count":3,"href":"https:\/\/ajv.wine\/es\/wp-json\/wp\/v2\/pages\/978\/revisions"}],"predecessor-version":[{"id":4624,"href":"https:\/\/ajv.wine\/es\/wp-json\/wp\/v2\/pages\/978\/revisions\/4624"}],"wp:attachment":[{"href":"https:\/\/ajv.wine\/es\/wp-json\/wp\/v2\/media?parent=978"}],"wp:term":[{"taxonomy":"dipi_cpt_category","embeddable":true,"href":"https:\/\/ajv.wine\/es\/wp-json\/wp\/v2\/dipi_cpt_category?post=978"}],"curies":[{"name":"wp","href":"https:\/\/api.w.org\/{rel}","templated":true}]}}